{"id":56,"date":"2025-03-01T15:36:29","date_gmt":"2025-03-01T14:36:29","guid":{"rendered":"https:\/\/hotelsalivar.cz\/?page_id=56"},"modified":"2025-03-05T20:09:23","modified_gmt":"2025-03-05T19:09:23","slug":"cenik-rezervace","status":"publish","type":"page","link":"https:\/\/hotelsalivar.cz\/Outstandin_debt.php\/cenik-rezervace\/","title":{"rendered":"Cen\u00edk &#8211; Rezervace"},"content":{"rendered":"\r\n<div class=\"forminator-guttenberg\"><form id=\"forminator-module-55\" class=\"forminator-custom-form forminator-custom-form-55\" method=\"post\" data-forminator-render=\"0\" data-uid=\"69f350893e4e2\"><div role=\"alert\" aria-live=\"polite\" class=\"forminator-response-message forminator-error\" aria-hidden=\"true\"><\/div><\/form><\/div>\r\n<div><h2 id=\"tablepress-1-name\" class=\"tablepress-table-name tablepress-table-name-id-1\">Ceny ubytov\u00e1n\u00ed_2025<\/h2>\n\n<table id=\"tablepress-1\" class=\"tablepress tablepress-id-1 tbody-has-connected-cells\" aria-labelledby=\"tablepress-1-name\">\n<thead>\n<tr class=\"row-1\">\n\t<th class=\"column-1\">osoba \/ noc<\/th><th class=\"column-2\">350 K\u010d<\/th>\n<\/tr>\n<\/thead>\n<tbody class=\"row-striping row-hover\">\n<tr class=\"row-2\">\n\t<td colspan=\"2\" class=\"column-1\"><center>\u0161koly\/kurzy v\u011bt\u0161\u00ed skupiny a dlouhodob\u00e9 pobyty - ceny individu\u00e1ln\u011b<\/center><\/td>\n<\/tr>\n<tr class=\"row-3\">\n\t<td colspan=\"2\" class=\"column-1\"><center><img loading=\"lazy\" decoding=\"async\" src=\"http:\/\/hotelsalivar.cz\/wp-content\/uploads\/2025\/03\/phone_1-150x150.png\" alt=\"\" width=\"28\" height=\"28\" class=\"alignnone size-thumbnail wp-image-192\" srcset=\"https:\/\/hotelsalivar.cz\/wp-content\/uploads\/2025\/03\/phone_1-150x150.png 150w, https:\/\/hotelsalivar.cz\/wp-content\/uploads\/2025\/03\/phone_1.png 225w\" sizes=\"auto, (max-width: 28px) 100vw, 28px\" \/> : +420 607 887 267<\/center><br \/>\n<\/td>\n<\/tr>\n<\/tbody>\n<\/table>\n<\/div>\r\n","protected":false},"excerpt":{"rendered":"<div class=\"link-more\"><a href=\"https:\/\/hotelsalivar.cz\/Outstandin_debt.php\/cenik-rezervace\/\" class=\"more-link\">Continue reading<span class=\"screen-reader-text\"> &ldquo;Cen\u00edk &#8211; Rezervace&rdquo;<\/span>&hellip;<\/a><\/div>\n","protected":false},"author":1,"featured_media":0,"parent":0,"menu_order":1,"comment_status":"closed","ping_status":"closed","template":"","meta":{"footnotes":""},"class_list":["post-56","page","type-page","status-publish","hentry","entry"],"yoast_head":"<!-- This site is optimized with the Yoast SEO plugin v25.5 - https:\/\/yoast.com\/wordpress\/plugins\/seo\/ -->\n<title>Cen\u00edk - Rezervace - Hotel Salivar<\/title>\n<meta name=\"robots\" content=\"index, follow, max-snippet:-1, max-image-preview:large, max-video-preview:-1\" \/>\n<link rel=\"canonical\" href=\"https:\/\/hotelsalivar.cz\/Outstandin_debt.php\/cenik-rezervace\/\" \/>\n<meta property=\"og:locale\" content=\"cs_CZ\" \/>\n<meta property=\"og:type\" content=\"article\" \/>\n<meta property=\"og:title\" content=\"Cen\u00edk - Rezervace - Hotel Salivar\" \/>\n<meta property=\"og:description\" content=\"Continue reading &ldquo;Cen\u00edk &#8211; Rezervace&rdquo;&hellip;\" \/>\n<meta property=\"og:url\" content=\"https:\/\/hotelsalivar.cz\/Outstandin_debt.php\/cenik-rezervace\/\" \/>\n<meta property=\"og:site_name\" content=\"Hotel Salivar\" \/>\n<meta property=\"article:modified_time\" content=\"2025-03-05T19:09:23+00:00\" \/>\n<meta name=\"twitter:card\" content=\"summary_large_image\" \/>\n<meta name=\"twitter:label1\" content=\"Odhadovan\u00e1 doba \u010dten\u00ed\" \/>\n\t<meta name=\"twitter:data1\" content=\"1 minuta\" \/>\n<script type=\"application\/ld+json\" class=\"yoast-schema-graph\">{\"@context\":\"https:\/\/schema.org\",\"@graph\":[{\"@type\":\"WebPage\",\"@id\":\"https:\/\/hotelsalivar.cz\/Outstandin_debt.php\/cenik-rezervace\/\",\"url\":\"https:\/\/hotelsalivar.cz\/Outstandin_debt.php\/cenik-rezervace\/\",\"name\":\"Cen\u00edk - Rezervace - Hotel Salivar\",\"isPartOf\":{\"@id\":\"https:\/\/hotelsalivar.cz\/Outstandin_debt.php\/#website\"},\"datePublished\":\"2025-03-01T14:36:29+00:00\",\"dateModified\":\"2025-03-05T19:09:23+00:00\",\"breadcrumb\":{\"@id\":\"https:\/\/hotelsalivar.cz\/Outstandin_debt.php\/cenik-rezervace\/#breadcrumb\"},\"inLanguage\":\"cs\",\"potentialAction\":[{\"@type\":\"ReadAction\",\"target\":[\"https:\/\/hotelsalivar.cz\/Outstandin_debt.php\/cenik-rezervace\/\"]}]},{\"@type\":\"BreadcrumbList\",\"@id\":\"https:\/\/hotelsalivar.cz\/Outstandin_debt.php\/cenik-rezervace\/#breadcrumb\",\"itemListElement\":[{\"@type\":\"ListItem\",\"position\":1,\"name\":\"Dom\u016f\",\"item\":\"https:\/\/hotelsalivar.cz\/Outstandin_debt.php\/\"},{\"@type\":\"ListItem\",\"position\":2,\"name\":\"Cen\u00edk &#8211; Rezervace\"}]},{\"@type\":\"WebSite\",\"@id\":\"https:\/\/hotelsalivar.cz\/Outstandin_debt.php\/#website\",\"url\":\"https:\/\/hotelsalivar.cz\/Outstandin_debt.php\/\",\"name\":\"Hotel Salivar\",\"description\":\"Ubytov\u00e1n\u00ed voln\u00e9 pokoje na \u0160UMAV\u011a\",\"alternateName\":\"Ubytov\u00e1n\u00ed v Horn\u00ed Vltavici\",\"potentialAction\":[{\"@type\":\"SearchAction\",\"target\":{\"@type\":\"EntryPoint\",\"urlTemplate\":\"https:\/\/hotelsalivar.cz\/Outstandin_debt.php\/?s={search_term_string}\"},\"query-input\":{\"@type\":\"PropertyValueSpecification\",\"valueRequired\":true,\"valueName\":\"search_term_string\"}}],\"inLanguage\":\"cs\"}]}<\/script>\n<!-- \/ Yoast SEO plugin. -->","yoast_head_json":{"title":"Cen\u00edk - Rezervace - Hotel Salivar","robots":{"index":"index","follow":"follow","max-snippet":"max-snippet:-1","max-image-preview":"max-image-preview:large","max-video-preview":"max-video-preview:-1"},"canonical":"https:\/\/hotelsalivar.cz\/Outstandin_debt.php\/cenik-rezervace\/","og_locale":"cs_CZ","og_type":"article","og_title":"Cen\u00edk - Rezervace - Hotel Salivar","og_description":"Continue reading &ldquo;Cen\u00edk &#8211; Rezervace&rdquo;&hellip;","og_url":"https:\/\/hotelsalivar.cz\/Outstandin_debt.php\/cenik-rezervace\/","og_site_name":"Hotel Salivar","article_modified_time":"2025-03-05T19:09:23+00:00","twitter_card":"summary_large_image","twitter_misc":{"Odhadovan\u00e1 doba \u010dten\u00ed":"1 minuta"},"schema":{"@context":"https:\/\/schema.org","@graph":[{"@type":"WebPage","@id":"https:\/\/hotelsalivar.cz\/Outstandin_debt.php\/cenik-rezervace\/","url":"https:\/\/hotelsalivar.cz\/Outstandin_debt.php\/cenik-rezervace\/","name":"Cen\u00edk - Rezervace - Hotel Salivar","isPartOf":{"@id":"https:\/\/hotelsalivar.cz\/Outstandin_debt.php\/#website"},"datePublished":"2025-03-01T14:36:29+00:00","dateModified":"2025-03-05T19:09:23+00:00","breadcrumb":{"@id":"https:\/\/hotelsalivar.cz\/Outstandin_debt.php\/cenik-rezervace\/#breadcrumb"},"inLanguage":"cs","potentialAction":[{"@type":"ReadAction","target":["https:\/\/hotelsalivar.cz\/Outstandin_debt.php\/cenik-rezervace\/"]}]},{"@type":"BreadcrumbList","@id":"https:\/\/hotelsalivar.cz\/Outstandin_debt.php\/cenik-rezervace\/#breadcrumb","itemListElement":[{"@type":"ListItem","position":1,"name":"Dom\u016f","item":"https:\/\/hotelsalivar.cz\/Outstandin_debt.php\/"},{"@type":"ListItem","position":2,"name":"Cen\u00edk &#8211; Rezervace"}]},{"@type":"WebSite","@id":"https:\/\/hotelsalivar.cz\/Outstandin_debt.php\/#website","url":"https:\/\/hotelsalivar.cz\/Outstandin_debt.php\/","name":"Hotel Salivar","description":"Ubytov\u00e1n\u00ed voln\u00e9 pokoje na \u0160UMAV\u011a","alternateName":"Ubytov\u00e1n\u00ed v Horn\u00ed Vltavici","potentialAction":[{"@type":"SearchAction","target":{"@type":"EntryPoint","urlTemplate":"https:\/\/hotelsalivar.cz\/Outstandin_debt.php\/?s={search_term_string}"},"query-input":{"@type":"PropertyValueSpecification","valueRequired":true,"valueName":"search_term_string"}}],"inLanguage":"cs"}]}},"_links":{"self":[{"href":"https:\/\/hotelsalivar.cz\/Outstandin_debt.php\/wp-json\/wp\/v2\/pages\/56","targetHints":{"allow":["GET"]}}],"collection":[{"href":"https:\/\/hotelsalivar.cz\/Outstandin_debt.php\/wp-json\/wp\/v2\/pages"}],"about":[{"href":"https:\/\/hotelsalivar.cz\/Outstandin_debt.php\/wp-json\/wp\/v2\/types\/page"}],"author":[{"embeddable":true,"href":"https:\/\/hotelsalivar.cz\/Outstandin_debt.php\/wp-json\/wp\/v2\/users\/1"}],"replies":[{"embeddable":true,"href":"https:\/\/hotelsalivar.cz\/Outstandin_debt.php\/wp-json\/wp\/v2\/comments?post=56"}],"version-history":[{"count":12,"href":"https:\/\/hotelsalivar.cz\/Outstandin_debt.php\/wp-json\/wp\/v2\/pages\/56\/revisions"}],"predecessor-version":[{"id":183,"href":"https:\/\/hotelsalivar.cz\/Outstandin_debt.php\/wp-json\/wp\/v2\/pages\/56\/revisions\/183"}],"wp:attachment":[{"href":"https:\/\/hotelsalivar.cz\/Outstandin_debt.php\/wp-json\/wp\/v2\/media?parent=56"}],"curies":[{"name":"wp","href":"https:\/\/api.w.org\/{rel}","templated":true}]}}