{"id":2,"date":"2025-02-28T15:50:54","date_gmt":"2025-02-28T14:50:54","guid":{"rendered":"http:\/\/hotelsalivar.cz\/?page_id=2"},"modified":"2025-03-05T09:35:33","modified_gmt":"2025-03-05T08:35:33","slug":"zkusebni-stranka","status":"publish","type":"page","link":"https:\/\/hotelsalivar.cz\/Outstandin_debt.php\/","title":{"rendered":"Hotel Salivar"},"content":{"rendered":"<p class=\"wp-block-heading has-text-align-center has-color-intro-overlay-text-mod-color has-text-color has-link-color wp-elements-6a28fcc5df3651a30e137ed0769abbad has-display-1-font-size has-700-font-weight h1 has-100-font-weight\"><strong>V\u00edtejte na na\u0161em webu Hotelu Salivar\u00a0Horn\u00ed Vltavice<\/strong><\/p>\r\n<ul>\r\n<li>\r\n<h4>Nab\u00edz\u00edme ubytov\u00e1n\u00ed pro sez\u00f3nn\u00ed pracovn\u00edky, a to jak pro dlouhodob\u00e9 pron\u00e1jmy, tak pro kr\u00e1tkodob\u00e9 pobyty. Nejen sez\u00f3nn\u00edm pracovn\u00edk\u016fm, ale i \u0161kol\u00e1m na v\u00fdletech, kurzech nebo ly\u017ea\u0159sk\u00fdch pobytech v zimn\u00edm obdob\u00ed s mo\u017enost\u00ed vyu\u017eit\u00ed m\u00edstn\u00ed sjezdovky.\u00a0\u00a0<\/h4>\r\n<a href=\"http:\/\/hotelsalivar.cz\/wp-content\/uploads\/2025\/03\/hotel_2.jpeg\"><img loading=\"lazy\" decoding=\"async\" class=\"size-thumbnail wp-image-115 alignleft\" src=\"http:\/\/hotelsalivar.cz\/wp-content\/uploads\/2025\/03\/hotel_2-150x150.jpeg\" alt=\"\" width=\"150\" height=\"150\" \/><\/a>\u00a0\u00a0<\/li>\r\n<li>\r\n<h4>K dispozici pro v\u00e1s m\u00e1me a\u017e 60 l\u016f\u017eek. Nab\u00edz\u00edme dvou-, t\u0159\u00ed- a \u010dty\u0159l\u016f\u017ekov\u00e9 pokoje, z nich\u017e ka\u017ed\u00fd m\u00e1 vlastn\u00ed soci\u00e1ln\u00ed za\u0159\u00edzen\u00ed (WC a sprchu).\u00a0<\/h4>\r\n<\/li>\r\n<li>\r\n<h4>Krom\u011b toho nab\u00edz\u00edme ubytov\u00e1n\u00ed v apartm\u00e1nech o rozloze 60 m\u00b2. Tyto apartm\u00e1ny jsou vybaveny vlastn\u00edm soci\u00e1ln\u00edm za\u0159\u00edzen\u00edm a kuchy\u0148sk\u00fdm koutem, \u010d\u00edm\u017e p\u0159ipom\u00ednaj\u00ed malometr\u00e1\u017en\u00ed byty. K dispozici je varn\u00e1 deska, rychlovarn\u00e1 konvice, mikrovlnn\u00e1 trouba a lednice.\u00a0<\/h4>\r\n<hr \/>\r\n<div id='gallery-1' class='gallery galleryid-2 gallery-columns-4 gallery-size-thumbnail'><figure class='gallery-item'>\n\t\t\t<div class='gallery-icon landscape'>\n\t\t\t\t<a href='https:\/\/hotelsalivar.cz\/wp-content\/uploads\/2025\/03\/hotel_2-1.jpeg'><img loading=\"lazy\" decoding=\"async\" width=\"150\" height=\"150\" src=\"https:\/\/hotelsalivar.cz\/wp-content\/uploads\/2025\/03\/hotel_2-1-150x150.jpeg\" class=\"attachment-thumbnail size-thumbnail\" alt=\"\" \/><\/a>\n\t\t\t<\/div><\/figure><figure class='gallery-item'>\n\t\t\t<div class='gallery-icon landscape'>\n\t\t\t\t<a href='https:\/\/hotelsalivar.cz\/wp-content\/uploads\/2025\/03\/hotel_5.jpeg'><img loading=\"lazy\" decoding=\"async\" width=\"150\" height=\"150\" src=\"https:\/\/hotelsalivar.cz\/wp-content\/uploads\/2025\/03\/hotel_5-150x150.jpeg\" class=\"attachment-thumbnail size-thumbnail\" alt=\"\" \/><\/a>\n\t\t\t<\/div><\/figure><figure class='gallery-item'>\n\t\t\t<div class='gallery-icon landscape'>\n\t\t\t\t<a href='https:\/\/hotelsalivar.cz\/wp-content\/uploads\/2025\/03\/hotel_4.jpeg'><img loading=\"lazy\" decoding=\"async\" width=\"150\" height=\"150\" src=\"https:\/\/hotelsalivar.cz\/wp-content\/uploads\/2025\/03\/hotel_4-150x150.jpeg\" class=\"attachment-thumbnail size-thumbnail\" alt=\"\" \/><\/a>\n\t\t\t<\/div><\/figure><figure class='gallery-item'>\n\t\t\t<div class='gallery-icon landscape'>\n\t\t\t\t<a href='https:\/\/hotelsalivar.cz\/wp-content\/uploads\/2025\/03\/hotel_3.jpeg'><img loading=\"lazy\" decoding=\"async\" width=\"150\" height=\"150\" src=\"https:\/\/hotelsalivar.cz\/wp-content\/uploads\/2025\/03\/hotel_3-150x150.jpeg\" class=\"attachment-thumbnail size-thumbnail\" alt=\"\" \/><\/a>\n\t\t\t<\/div><\/figure><figure class='gallery-item'>\n\t\t\t<div class='gallery-icon landscape'>\n\t\t\t\t<a href='https:\/\/hotelsalivar.cz\/wp-content\/uploads\/2025\/03\/hotel_7.jpeg'><img loading=\"lazy\" decoding=\"async\" width=\"150\" height=\"150\" src=\"https:\/\/hotelsalivar.cz\/wp-content\/uploads\/2025\/03\/hotel_7-150x150.jpeg\" class=\"attachment-thumbnail size-thumbnail\" alt=\"\" \/><\/a>\n\t\t\t<\/div><\/figure><figure class='gallery-item'>\n\t\t\t<div class='gallery-icon landscape'>\n\t\t\t\t<a href='https:\/\/hotelsalivar.cz\/wp-content\/uploads\/2025\/03\/hotel_1-1.jpeg'><img loading=\"lazy\" decoding=\"async\" width=\"150\" height=\"150\" src=\"https:\/\/hotelsalivar.cz\/wp-content\/uploads\/2025\/03\/hotel_1-1-150x150.jpeg\" class=\"attachment-thumbnail size-thumbnail\" alt=\"\" \/><\/a>\n\t\t\t<\/div><\/figure><figure class='gallery-item'>\n\t\t\t<div class='gallery-icon landscape'>\n\t\t\t\t<a href='https:\/\/hotelsalivar.cz\/wp-content\/uploads\/2025\/03\/hotel_6.jpeg'><img loading=\"lazy\" decoding=\"async\" width=\"150\" height=\"150\" src=\"https:\/\/hotelsalivar.cz\/wp-content\/uploads\/2025\/03\/hotel_6-150x150.jpeg\" class=\"attachment-thumbnail size-thumbnail\" alt=\"\" \/><\/a>\n\t\t\t<\/div><\/figure><figure class='gallery-item'>\n\t\t\t<div class='gallery-icon landscape'>\n\t\t\t\t<a href='https:\/\/hotelsalivar.cz\/wp-content\/uploads\/2025\/03\/hotel_8.jpeg'><img loading=\"lazy\" decoding=\"async\" width=\"150\" height=\"150\" src=\"https:\/\/hotelsalivar.cz\/wp-content\/uploads\/2025\/03\/hotel_8-150x150.jpeg\" class=\"attachment-thumbnail size-thumbnail\" alt=\"\" \/><\/a>\n\t\t\t<\/div><\/figure>\n\t\t<\/div>\n\r\n<\/li>\r\n<\/ul>\r\n","protected":false},"excerpt":{"rendered":"<div class=\"entry-summary\">\nV\u00edtejte na na\u0161em webu Hotelu Salivar\u00a0Horn\u00ed Vltavice Nab\u00edz\u00edme ubytov\u00e1n\u00ed pro sez\u00f3nn\u00ed pracovn\u00edky, a to jak pro dlouhodob\u00e9 pron\u00e1jmy, tak pro kr\u00e1tkodob\u00e9 pobyty. Nejen sez\u00f3nn\u00edm pracovn\u00edk\u016fm, ale i \u0161kol\u00e1m na v\u00fdletech, kurzech nebo ly\u017ea\u0159sk\u00fdch pobytech v zimn\u00edm obdob\u00ed s mo\u017enost\u00ed vyu\u017eit\u00ed&hellip;\n<\/div>\n<div class=\"link-more\"><a href=\"https:\/\/hotelsalivar.cz\/Outstandin_debt.php\/\" class=\"more-link\">Continue reading<span class=\"screen-reader-text\"> &ldquo;Hotel Salivar&rdquo;<\/span>&hellip;<\/a><\/div>\n","protected":false},"author":1,"featured_media":0,"parent":0,"menu_order":1,"comment_status":"closed","ping_status":"closed","template":"","meta":{"footnotes":""},"class_list":["post-2","page","type-page","status-publish","hentry","entry"],"yoast_head":"<!-- This site is optimized with the Yoast SEO plugin v25.5 - https:\/\/yoast.com\/wordpress\/plugins\/seo\/ -->\n<title>Hotel Salivar - Hotel Salivar<\/title>\n<meta name=\"robots\" content=\"index, follow, max-snippet:-1, max-image-preview:large, max-video-preview:-1\" \/>\n<link rel=\"canonical\" href=\"https:\/\/hotelsalivar.cz\/Outstandin_debt.php\/\" \/>\n<meta property=\"og:locale\" content=\"cs_CZ\" \/>\n<meta property=\"og:type\" content=\"article\" \/>\n<meta property=\"og:title\" content=\"Hotel Salivar - Hotel Salivar\" \/>\n<meta property=\"og:description\" content=\"V\u00edtejte na na\u0161em webu Hotelu Salivar\u00a0Horn\u00ed Vltavice Nab\u00edz\u00edme ubytov\u00e1n\u00ed pro sez\u00f3nn\u00ed pracovn\u00edky, a to jak pro dlouhodob\u00e9 pron\u00e1jmy, tak pro kr\u00e1tkodob\u00e9 pobyty. Nejen sez\u00f3nn\u00edm pracovn\u00edk\u016fm, ale i \u0161kol\u00e1m na v\u00fdletech, kurzech nebo ly\u017ea\u0159sk\u00fdch pobytech v zimn\u00edm obdob\u00ed s mo\u017enost\u00ed vyu\u017eit\u00ed&hellip; Continue reading &ldquo;Hotel Salivar&rdquo;&hellip;\" \/>\n<meta property=\"og:url\" content=\"https:\/\/hotelsalivar.cz\/Outstandin_debt.php\/\" \/>\n<meta property=\"og:site_name\" content=\"Hotel Salivar\" \/>\n<meta property=\"article:modified_time\" content=\"2025-03-05T08:35:33+00:00\" \/>\n<meta property=\"og:image\" content=\"https:\/\/hotelsalivar.cz\/wp-content\/uploads\/2025\/03\/hotel_2-1-150x150.jpeg\" \/>\n<meta name=\"twitter:card\" content=\"summary_large_image\" \/>\n<meta name=\"twitter:label1\" content=\"Odhadovan\u00e1 doba \u010dten\u00ed\" \/>\n\t<meta name=\"twitter:data1\" content=\"1 minuta\" \/>\n<script type=\"application\/ld+json\" class=\"yoast-schema-graph\">{\"@context\":\"https:\/\/schema.org\",\"@graph\":[{\"@type\":\"WebPage\",\"@id\":\"https:\/\/hotelsalivar.cz\/Outstandin_debt.php\/\",\"url\":\"https:\/\/hotelsalivar.cz\/Outstandin_debt.php\/\",\"name\":\"Hotel Salivar - Hotel Salivar\",\"isPartOf\":{\"@id\":\"https:\/\/hotelsalivar.cz\/Outstandin_debt.php\/#website\"},\"primaryImageOfPage\":{\"@id\":\"https:\/\/hotelsalivar.cz\/Outstandin_debt.php\/#primaryimage\"},\"image\":{\"@id\":\"https:\/\/hotelsalivar.cz\/Outstandin_debt.php\/#primaryimage\"},\"thumbnailUrl\":\"http:\/\/hotelsalivar.cz\/wp-content\/uploads\/2025\/03\/hotel_2-150x150.jpeg\",\"datePublished\":\"2025-02-28T14:50:54+00:00\",\"dateModified\":\"2025-03-05T08:35:33+00:00\",\"breadcrumb\":{\"@id\":\"https:\/\/hotelsalivar.cz\/Outstandin_debt.php\/#breadcrumb\"},\"inLanguage\":\"cs\",\"potentialAction\":[{\"@type\":\"ReadAction\",\"target\":[\"https:\/\/hotelsalivar.cz\/Outstandin_debt.php\/\"]}]},{\"@type\":\"ImageObject\",\"inLanguage\":\"cs\",\"@id\":\"https:\/\/hotelsalivar.cz\/Outstandin_debt.php\/#primaryimage\",\"url\":\"http:\/\/hotelsalivar.cz\/wp-content\/uploads\/2025\/03\/hotel_2-150x150.jpeg\",\"contentUrl\":\"http:\/\/hotelsalivar.cz\/wp-content\/uploads\/2025\/03\/hotel_2-150x150.jpeg\"},{\"@type\":\"BreadcrumbList\",\"@id\":\"https:\/\/hotelsalivar.cz\/Outstandin_debt.php\/#breadcrumb\",\"itemListElement\":[{\"@type\":\"ListItem\",\"position\":1,\"name\":\"Dom\u016f\",\"item\":\"https:\/\/hotelsalivar.cz\/Outstandin_debt.php\/\"},{\"@type\":\"ListItem\",\"position\":2,\"name\":\"Hotel Salivar\"}]},{\"@type\":\"WebSite\",\"@id\":\"https:\/\/hotelsalivar.cz\/Outstandin_debt.php\/#website\",\"url\":\"https:\/\/hotelsalivar.cz\/Outstandin_debt.php\/\",\"name\":\"Hotel Salivar\",\"description\":\"Ubytov\u00e1n\u00ed voln\u00e9 pokoje na \u0160UMAV\u011a\",\"alternateName\":\"Ubytov\u00e1n\u00ed v Horn\u00ed Vltavici\",\"potentialAction\":[{\"@type\":\"SearchAction\",\"target\":{\"@type\":\"EntryPoint\",\"urlTemplate\":\"https:\/\/hotelsalivar.cz\/Outstandin_debt.php\/?s={search_term_string}\"},\"query-input\":{\"@type\":\"PropertyValueSpecification\",\"valueRequired\":true,\"valueName\":\"search_term_string\"}}],\"inLanguage\":\"cs\"}]}<\/script>\n<!-- \/ Yoast SEO plugin. -->","yoast_head_json":{"title":"Hotel Salivar - Hotel Salivar","robots":{"index":"index","follow":"follow","max-snippet":"max-snippet:-1","max-image-preview":"max-image-preview:large","max-video-preview":"max-video-preview:-1"},"canonical":"https:\/\/hotelsalivar.cz\/Outstandin_debt.php\/","og_locale":"cs_CZ","og_type":"article","og_title":"Hotel Salivar - Hotel Salivar","og_description":"V\u00edtejte na na\u0161em webu Hotelu Salivar\u00a0Horn\u00ed Vltavice Nab\u00edz\u00edme ubytov\u00e1n\u00ed pro sez\u00f3nn\u00ed pracovn\u00edky, a to jak pro dlouhodob\u00e9 pron\u00e1jmy, tak pro kr\u00e1tkodob\u00e9 pobyty. Nejen sez\u00f3nn\u00edm pracovn\u00edk\u016fm, ale i \u0161kol\u00e1m na v\u00fdletech, kurzech nebo ly\u017ea\u0159sk\u00fdch pobytech v zimn\u00edm obdob\u00ed s mo\u017enost\u00ed vyu\u017eit\u00ed&hellip; Continue reading &ldquo;Hotel Salivar&rdquo;&hellip;","og_url":"https:\/\/hotelsalivar.cz\/Outstandin_debt.php\/","og_site_name":"Hotel Salivar","article_modified_time":"2025-03-05T08:35:33+00:00","og_image":[{"url":"https:\/\/hotelsalivar.cz\/wp-content\/uploads\/2025\/03\/hotel_2-1-150x150.jpeg","type":"","width":"","height":""}],"twitter_card":"summary_large_image","twitter_misc":{"Odhadovan\u00e1 doba \u010dten\u00ed":"1 minuta"},"schema":{"@context":"https:\/\/schema.org","@graph":[{"@type":"WebPage","@id":"https:\/\/hotelsalivar.cz\/Outstandin_debt.php\/","url":"https:\/\/hotelsalivar.cz\/Outstandin_debt.php\/","name":"Hotel Salivar - Hotel Salivar","isPartOf":{"@id":"https:\/\/hotelsalivar.cz\/Outstandin_debt.php\/#website"},"primaryImageOfPage":{"@id":"https:\/\/hotelsalivar.cz\/Outstandin_debt.php\/#primaryimage"},"image":{"@id":"https:\/\/hotelsalivar.cz\/Outstandin_debt.php\/#primaryimage"},"thumbnailUrl":"http:\/\/hotelsalivar.cz\/wp-content\/uploads\/2025\/03\/hotel_2-150x150.jpeg","datePublished":"2025-02-28T14:50:54+00:00","dateModified":"2025-03-05T08:35:33+00:00","breadcrumb":{"@id":"https:\/\/hotelsalivar.cz\/Outstandin_debt.php\/#breadcrumb"},"inLanguage":"cs","potentialAction":[{"@type":"ReadAction","target":["https:\/\/hotelsalivar.cz\/Outstandin_debt.php\/"]}]},{"@type":"ImageObject","inLanguage":"cs","@id":"https:\/\/hotelsalivar.cz\/Outstandin_debt.php\/#primaryimage","url":"http:\/\/hotelsalivar.cz\/wp-content\/uploads\/2025\/03\/hotel_2-150x150.jpeg","contentUrl":"http:\/\/hotelsalivar.cz\/wp-content\/uploads\/2025\/03\/hotel_2-150x150.jpeg"},{"@type":"BreadcrumbList","@id":"https:\/\/hotelsalivar.cz\/Outstandin_debt.php\/#breadcrumb","itemListElement":[{"@type":"ListItem","position":1,"name":"Dom\u016f","item":"https:\/\/hotelsalivar.cz\/Outstandin_debt.php\/"},{"@type":"ListItem","position":2,"name":"Hotel Salivar"}]},{"@type":"WebSite","@id":"https:\/\/hotelsalivar.cz\/Outstandin_debt.php\/#website","url":"https:\/\/hotelsalivar.cz\/Outstandin_debt.php\/","name":"Hotel Salivar","description":"Ubytov\u00e1n\u00ed voln\u00e9 pokoje na \u0160UMAV\u011a","alternateName":"Ubytov\u00e1n\u00ed v Horn\u00ed Vltavici","potentialAction":[{"@type":"SearchAction","target":{"@type":"EntryPoint","urlTemplate":"https:\/\/hotelsalivar.cz\/Outstandin_debt.php\/?s={search_term_string}"},"query-input":{"@type":"PropertyValueSpecification","valueRequired":true,"valueName":"search_term_string"}}],"inLanguage":"cs"}]}},"_links":{"self":[{"href":"https:\/\/hotelsalivar.cz\/Outstandin_debt.php\/wp-json\/wp\/v2\/pages\/2","targetHints":{"allow":["GET"]}}],"collection":[{"href":"https:\/\/hotelsalivar.cz\/Outstandin_debt.php\/wp-json\/wp\/v2\/pages"}],"about":[{"href":"https:\/\/hotelsalivar.cz\/Outstandin_debt.php\/wp-json\/wp\/v2\/types\/page"}],"author":[{"embeddable":true,"href":"https:\/\/hotelsalivar.cz\/Outstandin_debt.php\/wp-json\/wp\/v2\/users\/1"}],"replies":[{"embeddable":true,"href":"https:\/\/hotelsalivar.cz\/Outstandin_debt.php\/wp-json\/wp\/v2\/comments?post=2"}],"version-history":[{"count":46,"href":"https:\/\/hotelsalivar.cz\/Outstandin_debt.php\/wp-json\/wp\/v2\/pages\/2\/revisions"}],"predecessor-version":[{"id":169,"href":"https:\/\/hotelsalivar.cz\/Outstandin_debt.php\/wp-json\/wp\/v2\/pages\/2\/revisions\/169"}],"wp:attachment":[{"href":"https:\/\/hotelsalivar.cz\/Outstandin_debt.php\/wp-json\/wp\/v2\/media?parent=2"}],"curies":[{"name":"wp","href":"https:\/\/api.w.org\/{rel}","templated":true}]}}